{"id":27363,"date":"2019-05-03T18:13:21","date_gmt":"2019-05-03T18:13:21","guid":{"rendered":"https:\/\/demo.miromedia.ca\/test\/?page_id=27363"},"modified":"2019-05-10T15:41:12","modified_gmt":"2019-05-10T15:41:12","slug":"displays","status":"publish","type":"page","link":"https:\/\/miromedia.ca\/en\/displays\/","title":{"rendered":"Displays"},"content":{"rendered":"<div class=\"wpb-content-wrapper\"><p>[vc_row full_width=&#8221;stretch_row_content&#8221;][vc_column width=&#8221;1\/2&#8243; css=&#8221;.vc_custom_1554314400690{margin-top: 0px !important;margin-bottom: 0px !important;}&#8221;][vc_column_text css=&#8221;.vc_custom_1556907129975{margin-top: 30px !important;}&#8221;]<\/p>\n<h4 style=\"text-transform: none;\">Specialized in display stands<\/h4>\n<p>[\/vc_column_text][vc_column_text]Renomm\u00e9e pour la qualit\u00e9 de son travail d&#8217;habillage sur tous les types de v\u00e9hicules y compris ceux de grande dimension, Multi Lettrages + met son expertise \u00e0 profit dans les autres formes de communication visuelle :<\/p>\n<ul>\n<li>Banni\u00e8res d\u00e9roulantes<\/li>\n<li>Banni\u00e8res murales<\/li>\n<li>Murales<\/li>\n<\/ul>\n<p>[\/vc_column_text][\/vc_column][vc_column width=&#8221;1\/2&#8243; css=&#8221;.vc_custom_1556300699806{margin-top: 30px !important;}&#8221;][vc_tta_tabs style=&#8221;modern&#8221; shape=&#8221;square&#8221; active_section=&#8221;1&#8243;][vc_tta_section title=&#8221;OUR ACHIEVEMENTS&#8221; tab_id=&#8221;1556240870192-4d093ba4-ee11&#8243;]<style>.portfolio.portfolio-grid#style-a3b4ada .portfolio-item:not(.size-item), .preloader#style-preloader-a3b4ada .portfolio-item { padding: calc(5px\/2) !important; }.portfolio.portfolio-grid#style-a3b4ada .portfolio-item.size-item { padding: 0 calc(5px\/2) !important; }.portfolio.portfolio-grid#style-a3b4ada .portfolio-row, .preloader#style-preloader-a3b4ada .skeleton-posts.portfolio-row { margin: calc(-5px\/2); }.portfolio.portfolio-grid#style-a3b4ada.fullwidth-columns .portfolio-row { margin: calc(-5px\/2) 0; }.portfolio.portfolio-grid#style-a3b4ada .fullwidth-block:not(.no-paddings) { padding-left: 5px; padding-right: 5px; }.portfolio.portfolio-grid#style-a3b4ada .fullwidth-block .portfolio-row { padding-left: calc(5px\/2); padding-right: calc(5px\/2); }.portfolio.portfolio-grid#style-a3b4ada .fullwidth-block .portfolio-top-panel { padding-left: 5px; padding-right: 5px; }.portfolio.portfolio-grid#style-a3b4ada.fullwidth-columns .with-filter-sidebar .filter-sidebar { padding-left: 5px; }.portfolio.portfolio-grid#style-a3b4ada .portfolio-item .caption .title span { letter-spacing: px !important; }<\/style><style>.portfolio.portfolio-grid#style-a3b4ada .portfolio-filters { text-align: center; }<\/style>[\/vc_tta_section][\/vc_tta_tabs][\/vc_column][\/vc_row][vc_row full_width=&#8221;stretch_row_content&#8221; css=&#8221;.vc_custom_1555623554270{margin: 0px !important;padding: 0px !important;background-color: #f4f6f7 !important;}&#8221;][vc_column][vc_column_text]<\/p>\n<h5>MiromEdia TURNKEY SOLUTIONS<\/h5>\n<p>[\/vc_column_text][vc_column_text]<strong>Miromedia<\/strong> has a solid foundation in the communications field and operates various subsidiaries, covering a wide variety of products and services. Through its very first company Imprimerie Miro, Miromedia has added various subsidiaries to its portfolio, by way of successive acquisitions. While ensuring each subsidiary is well integrated into the group, Miromedia stands out for its personalized approach based on a strong principle: to offer complete and diversified solutions to its customers.<\/p>\n<p>This is why<strong> Miromedia\u00a0<\/strong>is always looking for new products and developing new techniques.\u00a0<strong>Miromedia\u00a0<\/strong>is the result of this growth strategy, built around one single mission: to position itself as a solutions center, meeting all customer expectations.[\/vc_column_text][\/vc_column][\/vc_row]<\/p>\n<\/div>","protected":false},"excerpt":{"rendered":"<p>[vc_row full_width=&#8221;stretch_row_content&#8221;][vc_column width=&#8221;1\/2&#8243; css=&#8221;.vc_custom_1554314400690{margin-top: 0px !important;margin-bottom: 0px !important;}&#8221;][vc_column_text css=&#8221;.vc_custom_1556907129975{margin-top: 30px !important;}&#8221;] Specialized in display stands [\/vc_column_text][vc_column_text]Renomm\u00e9e pour la qualit\u00e9 de son travail d&#8217;habillage sur&#8230;<\/p>\n","protected":false},"author":1,"featured_media":0,"parent":0,"menu_order":0,"comment_status":"closed","ping_status":"closed","template":"","meta":{"footnotes":""},"class_list":["post-27363","page","type-page","status-publish"],"yoast_head":"<!-- This site is optimized with the Yoast SEO plugin v27.5 - https:\/\/yoast.com\/product\/yoast-seo-wordpress\/ -->\n<title>Displays - Miromedia<\/title>\n<meta name=\"description\" content=\"Trust Miromedia for your display.\" \/>\n<meta name=\"robots\" content=\"index, follow, max-snippet:-1, max-image-preview:large, max-video-preview:-1\" \/>\n<link rel=\"canonical\" href=\"https:\/\/miromedia.ca\/en\/displays\/\" \/>\n<meta property=\"og:locale\" content=\"en_US\" \/>\n<meta property=\"og:type\" content=\"article\" \/>\n<meta property=\"og:title\" content=\"Displays - Miromedia\" \/>\n<meta property=\"og:description\" content=\"Trust Miromedia for your display.\" \/>\n<meta property=\"og:url\" content=\"https:\/\/miromedia.ca\/en\/displays\/\" \/>\n<meta property=\"og:site_name\" content=\"Miromedia\" \/>\n<meta property=\"article:publisher\" content=\"https:\/\/www.facebook.com\/Miromedia.ca\/\" \/>\n<meta property=\"article:modified_time\" content=\"2019-05-10T15:41:12+00:00\" \/>\n<meta property=\"og:image\" content=\"https:\/\/miromedia.ca\/wp-content\/uploads\/2019\/04\/Miromedia-logo.png\" \/>\n\t<meta property=\"og:image:width\" content=\"225\" \/>\n\t<meta property=\"og:image:height\" content=\"150\" \/>\n\t<meta property=\"og:image:type\" content=\"image\/png\" \/>\n<meta name=\"twitter:label1\" content=\"Est. reading time\" \/>\n\t<meta name=\"twitter:data1\" content=\"2 minutes\" \/>\n<script type=\"application\/ld+json\" class=\"yoast-schema-graph\">{\"@context\":\"https:\\\/\\\/schema.org\",\"@graph\":[{\"@type\":\"WebPage\",\"@id\":\"https:\\\/\\\/miromedia.ca\\\/en\\\/displays\\\/\",\"url\":\"https:\\\/\\\/miromedia.ca\\\/en\\\/displays\\\/\",\"name\":\"Displays - Miromedia\",\"isPartOf\":{\"@id\":\"https:\\\/\\\/miromedia.ca\\\/#website\"},\"datePublished\":\"2019-05-03T18:13:21+00:00\",\"dateModified\":\"2019-05-10T15:41:12+00:00\",\"description\":\"Trust Miromedia for your display.\",\"breadcrumb\":{\"@id\":\"https:\\\/\\\/miromedia.ca\\\/en\\\/displays\\\/#breadcrumb\"},\"inLanguage\":\"en-US\",\"potentialAction\":[{\"@type\":\"ReadAction\",\"target\":[\"https:\\\/\\\/miromedia.ca\\\/en\\\/displays\\\/\"]}]},{\"@type\":\"BreadcrumbList\",\"@id\":\"https:\\\/\\\/miromedia.ca\\\/en\\\/displays\\\/#breadcrumb\",\"itemListElement\":[{\"@type\":\"ListItem\",\"position\":1,\"name\":\"Accueil\",\"item\":\"https:\\\/\\\/miromedia.ca\\\/en\\\/\"},{\"@type\":\"ListItem\",\"position\":2,\"name\":\"Displays\"}]},{\"@type\":\"WebSite\",\"@id\":\"https:\\\/\\\/miromedia.ca\\\/#website\",\"url\":\"https:\\\/\\\/miromedia.ca\\\/\",\"name\":\"Miromedia\",\"description\":\"Impression | Affichage | Plateforme WebtoPrint\",\"publisher\":{\"@id\":\"https:\\\/\\\/miromedia.ca\\\/#organization\"},\"potentialAction\":[{\"@type\":\"SearchAction\",\"target\":{\"@type\":\"EntryPoint\",\"urlTemplate\":\"https:\\\/\\\/miromedia.ca\\\/?s={search_term_string}\"},\"query-input\":{\"@type\":\"PropertyValueSpecification\",\"valueRequired\":true,\"valueName\":\"search_term_string\"}}],\"inLanguage\":\"en-US\"},{\"@type\":\"Organization\",\"@id\":\"https:\\\/\\\/miromedia.ca\\\/#organization\",\"name\":\"Miromedia - Studio Cr\u00e9atif | Imprimerie | Lettrage\",\"url\":\"https:\\\/\\\/miromedia.ca\\\/\",\"logo\":{\"@type\":\"ImageObject\",\"inLanguage\":\"en-US\",\"@id\":\"https:\\\/\\\/miromedia.ca\\\/#\\\/schema\\\/logo\\\/image\\\/\",\"url\":\"https:\\\/\\\/miromedia.ca\\\/wp-content\\\/uploads\\\/2019\\\/04\\\/Miromedia-logo.png\",\"contentUrl\":\"https:\\\/\\\/miromedia.ca\\\/wp-content\\\/uploads\\\/2019\\\/04\\\/Miromedia-logo.png\",\"width\":225,\"height\":150,\"caption\":\"Miromedia - Studio Cr\u00e9atif | Imprimerie | Lettrage\"},\"image\":{\"@id\":\"https:\\\/\\\/miromedia.ca\\\/#\\\/schema\\\/logo\\\/image\\\/\"},\"sameAs\":[\"https:\\\/\\\/www.facebook.com\\\/Miromedia.ca\\\/\"]}]}<\/script>\n<!-- \/ Yoast SEO plugin. -->","yoast_head_json":{"title":"Displays - Miromedia","description":"Trust Miromedia for your display.","robots":{"index":"index","follow":"follow","max-snippet":"max-snippet:-1","max-image-preview":"max-image-preview:large","max-video-preview":"max-video-preview:-1"},"canonical":"https:\/\/miromedia.ca\/en\/displays\/","og_locale":"en_US","og_type":"article","og_title":"Displays - Miromedia","og_description":"Trust Miromedia for your display.","og_url":"https:\/\/miromedia.ca\/en\/displays\/","og_site_name":"Miromedia","article_publisher":"https:\/\/www.facebook.com\/Miromedia.ca\/","article_modified_time":"2019-05-10T15:41:12+00:00","og_image":[{"width":225,"height":150,"url":"https:\/\/miromedia.ca\/wp-content\/uploads\/2019\/04\/Miromedia-logo.png","type":"image\/png"}],"twitter_misc":{"Est. reading time":"2 minutes"},"schema":{"@context":"https:\/\/schema.org","@graph":[{"@type":"WebPage","@id":"https:\/\/miromedia.ca\/en\/displays\/","url":"https:\/\/miromedia.ca\/en\/displays\/","name":"Displays - Miromedia","isPartOf":{"@id":"https:\/\/miromedia.ca\/#website"},"datePublished":"2019-05-03T18:13:21+00:00","dateModified":"2019-05-10T15:41:12+00:00","description":"Trust Miromedia for your display.","breadcrumb":{"@id":"https:\/\/miromedia.ca\/en\/displays\/#breadcrumb"},"inLanguage":"en-US","potentialAction":[{"@type":"ReadAction","target":["https:\/\/miromedia.ca\/en\/displays\/"]}]},{"@type":"BreadcrumbList","@id":"https:\/\/miromedia.ca\/en\/displays\/#breadcrumb","itemListElement":[{"@type":"ListItem","position":1,"name":"Accueil","item":"https:\/\/miromedia.ca\/en\/"},{"@type":"ListItem","position":2,"name":"Displays"}]},{"@type":"WebSite","@id":"https:\/\/miromedia.ca\/#website","url":"https:\/\/miromedia.ca\/","name":"Miromedia","description":"Impression | Affichage | Plateforme WebtoPrint","publisher":{"@id":"https:\/\/miromedia.ca\/#organization"},"potentialAction":[{"@type":"SearchAction","target":{"@type":"EntryPoint","urlTemplate":"https:\/\/miromedia.ca\/?s={search_term_string}"},"query-input":{"@type":"PropertyValueSpecification","valueRequired":true,"valueName":"search_term_string"}}],"inLanguage":"en-US"},{"@type":"Organization","@id":"https:\/\/miromedia.ca\/#organization","name":"Miromedia - Studio Cr\u00e9atif | Imprimerie | Lettrage","url":"https:\/\/miromedia.ca\/","logo":{"@type":"ImageObject","inLanguage":"en-US","@id":"https:\/\/miromedia.ca\/#\/schema\/logo\/image\/","url":"https:\/\/miromedia.ca\/wp-content\/uploads\/2019\/04\/Miromedia-logo.png","contentUrl":"https:\/\/miromedia.ca\/wp-content\/uploads\/2019\/04\/Miromedia-logo.png","width":225,"height":150,"caption":"Miromedia - Studio Cr\u00e9atif | Imprimerie | Lettrage"},"image":{"@id":"https:\/\/miromedia.ca\/#\/schema\/logo\/image\/"},"sameAs":["https:\/\/www.facebook.com\/Miromedia.ca\/"]}]}},"_links":{"self":[{"href":"https:\/\/miromedia.ca\/en\/wp-json\/wp\/v2\/pages\/27363","targetHints":{"allow":["GET"]}}],"collection":[{"href":"https:\/\/miromedia.ca\/en\/wp-json\/wp\/v2\/pages"}],"about":[{"href":"https:\/\/miromedia.ca\/en\/wp-json\/wp\/v2\/types\/page"}],"author":[{"embeddable":true,"href":"https:\/\/miromedia.ca\/en\/wp-json\/wp\/v2\/users\/1"}],"replies":[{"embeddable":true,"href":"https:\/\/miromedia.ca\/en\/wp-json\/wp\/v2\/comments?post=27363"}],"version-history":[{"count":2,"href":"https:\/\/miromedia.ca\/en\/wp-json\/wp\/v2\/pages\/27363\/revisions"}],"predecessor-version":[{"id":27414,"href":"https:\/\/miromedia.ca\/en\/wp-json\/wp\/v2\/pages\/27363\/revisions\/27414"}],"wp:attachment":[{"href":"https:\/\/miromedia.ca\/en\/wp-json\/wp\/v2\/media?parent=27363"}],"curies":[{"name":"wp","href":"https:\/\/api.w.org\/{rel}","templated":true}]}}